{"id":167,"date":"2018-12-16T12:32:28","date_gmt":"2018-12-16T11:32:28","guid":{"rendered":"http:\/\/haussecote.fr\/?page_id=167"},"modified":"2019-08-05T15:02:03","modified_gmt":"2019-08-05T13:02:03","slug":"lhistoire-du-moulin","status":"publish","type":"page","link":"https:\/\/haussecote.fr\/index.php\/accueil\/lhistoire-du-moulin\/","title":{"rendered":"L&rsquo;histoire du Moulin"},"content":{"rendered":"<p>Isol\u00e9, perch\u00e9 sur sa colline, dominant la Forterre d\u2019un c\u00f4t\u00e9 et la Puisaye de l\u2019autre, le moulin de Hausse-C\u00f4te est un ancien moulin \u00e0 vent qui a fonctionn\u00e9 jusqu\u2019au d\u00e9but du 20\u00e8me si\u00e8cle.<\/p>\n<p>Le moulin est alors abandonn\u00e9\u00a0; la maison du meunier est encore utilis\u00e9e par quelques paysans\u00a0 pour stocker la paille et le foin.<\/p>\n<p>Le moulin devient une ruine\u00a0; on finit de le d\u00e9truire dans les ann\u00e9es 70.<strong><img decoding=\"async\" loading=\"lazy\" class=\"size-medium wp-image-380 alignright\" src=\"http:\/\/haussecote.fr\/wp-content\/uploads\/2019\/08\/fen\u00eatre-moulin-203x300.jpg\" alt=\"\" width=\"203\" height=\"300\" srcset=\"https:\/\/haussecote.fr\/wp-content\/uploads\/2019\/08\/fen\u00eatre-moulin-203x300.jpg 203w, https:\/\/haussecote.fr\/wp-content\/uploads\/2019\/08\/fen\u00eatre-moulin.jpg 279w\" sizes=\"(max-width: 203px) 85vw, 203px\" \/><\/strong><\/p>\n<p>La maison du meunier ne vaut gu\u00e8re mieux et c\u2019est dans cet \u00e9tat de d\u00e9cr\u00e9pitude avanc\u00e9e qu\u2019<strong>Yves Courteaudon<\/strong>, Parisien en s\u00e9jour dans le coin, d\u00e9couvre le lieu en 1988.<\/p>\n<p>Il a un v\u00e9ritable coup de c\u0153ur, rach\u00e8te la maison. Puis, aid\u00e9 d\u2019amis et de proches, il la reconstruit et l\u2019am\u00e9nage pour en faire un superbe lieu de vie.<\/p>\n<p>Yves en profite pleinement quelques ann\u00e9es, puis tombe gravement malade.<\/p>\n<p>Se sachant perdu, il fait don de sa maison \u00e0 la commune de Saints et cr\u00e9e l\u2019association <strong>Le chemin du moulin<\/strong>\u00a0dont l\u2019objectif est de faire vivre culturellement le lieu.<\/p>\n<p>Yves nous quitte en mars 1995.<\/p>\n","protected":false},"excerpt":{"rendered":"<p>Isol\u00e9, perch\u00e9 sur sa colline, dominant la Forterre d\u2019un c\u00f4t\u00e9 et la Puisaye de l\u2019autre, le moulin de Hausse-C\u00f4te est un ancien moulin \u00e0 vent qui a fonctionn\u00e9 jusqu\u2019au d\u00e9but du 20\u00e8me si\u00e8cle. Le moulin est alors abandonn\u00e9\u00a0; la maison du meunier est encore utilis\u00e9e par quelques paysans\u00a0 pour stocker la paille et le foin. &hellip; <a href=\"https:\/\/haussecote.fr\/index.php\/accueil\/lhistoire-du-moulin\/\" class=\"more-link\">Continuer la lecture<span class=\"screen-reader-text\"> de &laquo;&nbsp;L&rsquo;histoire du Moulin&nbsp;&raquo;<\/span><\/a><\/p>\n","protected":false},"author":1,"featured_media":0,"parent":35,"menu_order":1,"comment_status":"closed","ping_status":"closed","template":"","meta":[],"_links":{"self":[{"href":"https:\/\/haussecote.fr\/index.php\/wp-json\/wp\/v2\/pages\/167"}],"collection":[{"href":"https:\/\/haussecote.fr\/index.php\/wp-json\/wp\/v2\/pages"}],"about":[{"href":"https:\/\/haussecote.fr\/index.php\/wp-json\/wp\/v2\/types\/page"}],"author":[{"embeddable":true,"href":"https:\/\/haussecote.fr\/index.php\/wp-json\/wp\/v2\/users\/1"}],"replies":[{"embeddable":true,"href":"https:\/\/haussecote.fr\/index.php\/wp-json\/wp\/v2\/comments?post=167"}],"version-history":[{"count":6,"href":"https:\/\/haussecote.fr\/index.php\/wp-json\/wp\/v2\/pages\/167\/revisions"}],"predecessor-version":[{"id":1078,"href":"https:\/\/haussecote.fr\/index.php\/wp-json\/wp\/v2\/pages\/167\/revisions\/1078"}],"up":[{"embeddable":true,"href":"https:\/\/haussecote.fr\/index.php\/wp-json\/wp\/v2\/pages\/35"}],"wp:attachment":[{"href":"https:\/\/haussecote.fr\/index.php\/wp-json\/wp\/v2\/media?parent=167"}],"curies":[{"name":"wp","href":"https:\/\/api.w.org\/{rel}","templated":true}]}}