{"id":216,"date":"2018-12-17T18:28:19","date_gmt":"2018-12-17T17:28:19","guid":{"rendered":"http:\/\/haussecote.fr\/?page_id=216"},"modified":"2023-02-21T11:53:58","modified_gmt":"2023-02-21T10:53:58","slug":"residence","status":"publish","type":"page","link":"https:\/\/haussecote.fr\/index.php\/residence\/","title":{"rendered":"R\u00e9sidences"},"content":{"rendered":"<p style=\"text-align: center;\"><strong><em>Vous recherchez un lieu o\u00f9 vous pourrez travailler, cr\u00e9er, r\u00e9p\u00e9ter, organiser des stages en toute tranquillit\u00e9 ?<\/em><\/strong><\/p>\n<p><!--more--><\/p>\n<p style=\"text-align: center;\"><strong><em>Le lieu :<\/em><\/strong><\/p>\n<p style=\"text-align: left;\">Un ancien moulin de caract\u00e8re et son environnement bucolique \u00e0 votre enti\u00e8re disposition.<br \/>\nIl s\u2019agit d\u2019un lieu de r\u00e9sidence id\u00e9al pour les artistes, leur offrant tout le confort n\u00e9cessaire.<\/p>\n<ul>\n<li style=\"text-align: left;\">Une sc\u00e8ne de 24 m\u00b2 maximum.<\/li>\n<li style=\"text-align: left;\">Un dortoir de 6 places en mezzanine.<\/li>\n<li style=\"text-align: left;\">Une cuisine avec coin repas.<\/li>\n<li style=\"text-align: left;\">Une douche.<\/li>\n<li style=\"text-align: left;\">Des toilettes.<\/li>\n<\/ul>\n<p style=\"text-align: center;\"><strong><em>\u00a0 Conditions du lieu de R\u00e9sidence :<\/em><\/strong><\/p>\n<p style=\"text-align: left;\">Une semaine au Moulin en \u00e9change d\u2019un spectacle \u00e0 inclure dans notre programmation.<br \/>\nUn \u00e9tat des lieux est fait avant et apr\u00e8s chaque s\u00e9jour.<\/p>\n<p style=\"text-align: center;\"><strong><em>Capacit\u00e9 d\u2019accueil :<br \/>\n<\/em><\/strong>80 personnes assises.<\/p>\n<p style=\"text-align: center;\"><strong><em>Location :<br \/>\n<\/em><\/strong>Prix \u00e0 la journ\u00e9e : 75,00 + 50 \u20ac par jour en p\u00e9riode de chauffage<br \/>\nPrix \u00e0 la semaine : 450.00 + 50 \u20ac par jour en p\u00e9riode de chauffage<\/p>\n<p>T\u00e9l\u00e9charger la plaquette, c&rsquo;est <a href=\"http:\/\/haussecote.fr\/wp-content\/uploads\/2019\/08\/plaquette-r\u00e9sidences-recto-verso-2016.pdf\">ici<\/a>.<\/p>\n","protected":false},"excerpt":{"rendered":"<p>Vous recherchez un lieu o\u00f9 vous pourrez travailler, cr\u00e9er, r\u00e9p\u00e9ter, organiser des stages en toute tranquillit\u00e9 ?<\/p>\n","protected":false},"author":1,"featured_media":0,"parent":0,"menu_order":0,"comment_status":"closed","ping_status":"closed","template":"","meta":[],"_links":{"self":[{"href":"https:\/\/haussecote.fr\/index.php\/wp-json\/wp\/v2\/pages\/216"}],"collection":[{"href":"https:\/\/haussecote.fr\/index.php\/wp-json\/wp\/v2\/pages"}],"about":[{"href":"https:\/\/haussecote.fr\/index.php\/wp-json\/wp\/v2\/types\/page"}],"author":[{"embeddable":true,"href":"https:\/\/haussecote.fr\/index.php\/wp-json\/wp\/v2\/users\/1"}],"replies":[{"embeddable":true,"href":"https:\/\/haussecote.fr\/index.php\/wp-json\/wp\/v2\/comments?post=216"}],"version-history":[{"count":9,"href":"https:\/\/haussecote.fr\/index.php\/wp-json\/wp\/v2\/pages\/216\/revisions"}],"predecessor-version":[{"id":883,"href":"https:\/\/haussecote.fr\/index.php\/wp-json\/wp\/v2\/pages\/216\/revisions\/883"}],"wp:attachment":[{"href":"https:\/\/haussecote.fr\/index.php\/wp-json\/wp\/v2\/media?parent=216"}],"curies":[{"name":"wp","href":"https:\/\/api.w.org\/{rel}","templated":true}]}}