{"id":231,"date":"2018-12-19T07:35:35","date_gmt":"2018-12-19T06:35:35","guid":{"rendered":"http:\/\/haussecote.fr\/?page_id=231"},"modified":"2019-12-27T12:15:33","modified_gmt":"2019-12-27T11:15:33","slug":"programme-2019","status":"publish","type":"page","link":"https:\/\/haussecote.fr\/index.php\/programme-2019\/","title":{"rendered":"Programme \u00e9t\u00e9 2019"},"content":{"rendered":"<p align=\"JUSTIFY\"><span style=\"font-family: Lucida Handwriting, cursive;\"><span style=\"font-size: small;\"><span style=\"color: #000000;\"><u><b>Samedi 20 avril \u00e0 21 h<br \/>\n<\/b><\/u><b>Lettre d&rsquo;une inconnue <\/b><\/span><span style=\"color: #000000;\"><span style=\"font-family: Lucida Sans Unicode, sans-serif;\"><b>d&rsquo;apr\u00e8s la nouvelle de Stefan Zweig<br \/>\n<\/b><\/span><\/span><\/span><\/span><span style=\"color: #000000;\"><span style=\"font-family: Lucida Sans Unicode, sans-serif;\"><span style=\"font-size: small;\">C&rsquo;est l&rsquo;histoire d&rsquo;une passion. L&rsquo;inconnue a treize ans lorsqu&rsquo;elle tombe follement amoureuse de son voisin de palier, un \u00e9crivain c\u00e9l\u00e8bre. \u00c0 partir de l\u00e0, toute sa vie sera consacr\u00e9e \u00e0 un seul objectif : \u00eatre aim\u00e9e et reconnue par lui. <\/span><\/span><\/span><span style=\"font-family: Lucida Sans Unicode, sans-serif;\"><span style=\"font-size: small;\">Quelques ann\u00e9es plus tard,\u00a0elle lui adressera une longue lettre. Qu&rsquo;a-t-elle \u00e0 lui r\u00e9v\u00e9ler ?<br \/>\nAvec Camille Bardery. Mise en sc\u00e8ne \u00c9ric Bu.<br \/>\nCe spectacle sera jou\u00e9 au festival<\/span><\/span><span style=\"font-family: Lucida Sans Unicode, sans-serif;\"><span style=\"font-size: small;\"> off d&rsquo;Avignon<\/span><\/span><span style=\"font-family: Lucida Sans Unicode, sans-serif;\"><span style=\"font-size: small;\"> en juillet 2019.<br \/>\n<\/span><\/span><span style=\"font-family: Lucida Sans Unicode, sans-serif;\"><span style=\"font-size: small;\">Dur\u00e9e\u00a0: 1 h Tarif habituel<\/span><\/span><\/p>\n<p align=\"JUSTIFY\"><span style=\"font-size: small;\"><span style=\"color: #000000;\"><span style=\"font-family: Lucida Handwriting, cursive;\"><u><b>Samedi 4 mai \u00e0 21 h<br \/>\n<\/b><\/u><b>Les pas perdus<\/b><\/span><\/span><span style=\"color: #000000;\"><span style=\"font-family: Lucida Sans Unicode, sans-serif;\"><b> de Denise Bonal <\/b><\/span><\/span><\/span><span style=\"color: #000000;\"><span style=\"font-family: Lucida Sans Unicode, sans-serif;\"><span style=\"font-size: small;\"><b>par la Cie de l&rsquo;Escampette<br \/>\n<\/b><\/span>Une gare. Lieu de rencontres, de d\u00e9parts, d\u2019arriv\u00e9es, de fuites, de retours, d\u2019attentes et de r\u00eaves. Entre rires et larmes, tout le monde court, se croise, se m\u00e9lange. Truands, amants en rupture, clochards, flics et militaires, gamines en fuite, vieille dame oubli\u00e9e et nettoyeuses qui r\u00eavent de Venise. Tous les sentiments s\u2019entrechoquent : joie, tristesse, nostalgie, d\u00e9sespoir, regrets, espoir.<br \/>\n<span style=\"font-size: small;\">Dur\u00e9e\u00a0: 1h 45 Tarif habituel<\/span><\/span><\/span><\/p>\n<p align=\"JUSTIFY\"><span style=\"color: #000000;\"><span style=\"font-family: Lucida Handwriting, cursive;\"><span style=\"font-size: medium;\"><u><b>Samedi 8 juin \u00e0 21 h<br \/>\n<\/b><\/u><\/span><\/span><\/span><span style=\"color: #000000;\"><span style=\"font-family: Lucida Handwriting, cursive;\"><span style=\"font-size: small;\"><b>L&rsquo;homme qui plantait des arbres <\/b><\/span><\/span><\/span><span style=\"color: #000000;\"><span style=\"font-family: Lucida Handwriting, cursive;\"><span style=\"font-size: small;\"><b><span style=\"font-family: Lucida Sans Unicode, sans-serif;\"><span lang=\"fr-FR\">de Jean Giono<\/span><\/span> <span style=\"font-family: Lucida Sans Unicode, sans-serif;\"><span lang=\"fr-FR\">par <\/span><\/span><\/b><\/span><\/span><\/span><span style=\"color: #000000;\"><span style=\"font-family: Lucida Handwriting, cursive;\"><span style=\"font-size: small;\"><b><span style=\"font-family: Lucida Sans Unicode, sans-serif;\"><span lang=\"fr-FR\">la Cie<\/span><\/span><\/b> <b><span style=\"font-family: Lucida Sans Unicode, sans-serif;\"><span lang=\"fr-FR\">le p&rsquo;tit bastringue<br \/>\n<\/span><\/span><\/b><\/span><\/span><\/span><span style=\"font-family: Lucida Sans Unicode, sans-serif;\"><span style=\"font-size: small;\">La plus douce et optimiste des nouvelles de Giono, bien en avance sur son temps, qui d\u00e9montre comment faire pour reboiser notre monde, lui redonner la vie, l&rsquo;espoir, et faire reculer la mis\u00e8re, la guerre, la destruction, gr\u00e2ce \u00e0 ce h\u00e9ros paysan sans culture nomm\u00e9 Elz\u00e9ard Bouffier qui passe sa vie \u00e0 planter des arbres dans un endroit o\u00f9 le d\u00e9sert r\u00e9gnait en ma\u00eetre&#8230;C&rsquo;est une ode \u00e0 la constance, \u00e0 l&rsquo;acharnement et \u00e0 la grandeur d&rsquo;\u00e2me.<br \/>\n<\/span><\/span><span style=\"color: #000000;\"><span style=\"font-family: Lucida Sans Unicode, sans-serif;\"><span style=\"font-size: small;\">Dur\u00e9e\u00a0: 1h Tarif habituel<\/span><\/span><\/span><\/p>\n<p align=\"JUSTIFY\"><span style=\"color: #000000;\"><span style=\"font-family: Lucida Handwriting, cursive;\"><span style=\"font-size: medium;\"><u><b>Vendredi 21 juin \u00e0 partir de 19 h<br \/>\n<\/b><\/u><\/span><\/span><\/span><span style=\"color: #000000;\"><span style=\"font-family: Lucida Sans Unicode, sans-serif;\"><span style=\"font-size: small;\"><b>F\u00eate de la musique,<\/b> organis\u00e9e par plusieurs associations de Saints.Salle des f\u00eates de Saints en Puisaye. Restauration. Buvette. Entr\u00e9e gratuite.<\/span><\/span><\/span><\/p>\n<p align=\"JUSTIFY\"><span style=\"color: #000000;\"><span style=\"font-family: Lucida Handwriting, cursive;\"><span style=\"font-size: medium;\"><u><b>Vendredi 2 ao\u00fbt \u00e0 partir de 10 h<br \/>\n<\/b><\/u><\/span><\/span><\/span><span style=\"color: #000000;\"><span style=\"font-family: Lucida Handwriting, cursive;\"><span style=\"font-size: small;\"><b><span lang=\"fr-FR\">La nuit des \u00e9toiles <\/span><span style=\"font-family: Lucida Sans Unicode, sans-serif;\"><span lang=\"fr-FR\">avec l&rsquo;association <\/span><\/span><\/b><\/span><\/span><\/span><span style=\"color: #000000;\"><span style=\"font-family: Lucida Sans Unicode, sans-serif;\"><span style=\"font-size: small;\"><b>\u00ab\u00a0APEX 89\u00a0\u00bb<br \/>\n<\/b><\/span><\/span><\/span><span style=\"color: #000000;\"><span style=\"font-family: Lucida Sans Unicode, sans-serif;\"><span style=\"font-size: small;\">Exposition de photos, observation diurne du <\/span><\/span><\/span><span style=\"color: #000000;\"><span style=\"font-family: Lucida Sans Unicode, sans-serif;\"><span style=\"font-size: small;\">soleil, puis nocturne des \u00e9toiles \u00e0 partir de 22h30 avec des\u00a0 t\u00e9lescopes. En cas de mauvais temps, conf\u00e9rences et film \u00e0 l&rsquo;int\u00e9rieur. Entr\u00e9e gratuite. Buvette. Petite restauration. <\/span><\/span><\/span><\/p>\n<p align=\"JUSTIFY\"><span style=\"color: #000000;\"><span style=\"font-family: Lucida Handwriting, cursive;\"><span style=\"font-size: medium;\"><u><b>Samedi 21 septembre \u00e0 partir <\/b><\/u><\/span><\/span><\/span><span style=\"color: #000000;\"><span style=\"font-family: Lucida Handwriting, cursive;\"><span style=\"font-size: medium;\"><u><b>de 19 h 30<br \/>\n<\/b><\/u><\/span><\/span><\/span><span style=\"color: #000000;\"><span style=\"font-family: Lucida Handwriting, cursive;\"><span style=\"font-size: small;\"><b>Danses et repas indien\u00a0 <\/b><\/span><\/span><\/span><span style=\"color: #000000;\"><span style=\"font-family: Lucida Handwriting, cursive;\"><span style=\"font-size: small;\"><span style=\"font-family: Lucida Sans Unicode, sans-serif;\"><span lang=\"fr-FR\"><b>avec l&rsquo;association\u00a0 Anjali Mudra<br \/>\n<\/b><\/span><\/span><\/span><\/span><\/span><span style=\"color: #000000;\"><span style=\"font-family: Lucida Sans Unicode, sans-serif;\"><span style=\"font-size: small;\">Venez d\u00e9couvrir l&rsquo;esprit de l&rsquo;Inde&#8230; <\/span><\/span><\/span><span style=\"color: #000000;\"><span style=\"font-family: Lucida Sans Unicode, sans-serif;\"><span style=\"font-size: small;\">Anjali Mudra vous propose une merveilleuse rencontre avec l&rsquo;univers de la danse indienne, alliant tradition et modernit\u00e9 et une invitation \u00e0 un tr\u00e8s beau voyage au pays des senteurs, des couleurs et des saveurs.<br \/>\n<\/span><\/span><\/span><span style=\"color: #000000;\"><span style=\"font-family: Lucida Sans Unicode, sans-serif;\"><span style=\"font-size: small;\">Danse \u00e0 19h30 Dur\u00e9e\u00a0: 1 h<br \/>\n<\/span><\/span><\/span><span style=\"color: #000000;\"><span style=\"font-family: Lucida Sans Unicode, sans-serif;\"><span style=\"font-size: small;\">Repas indien \u00e0\u00a0 21 h (sur r\u00e9servation). <\/span><\/span><\/span><span style=\"color: #000000;\"><span style=\"font-family: Lucida Sans Unicode, sans-serif;\"><span style=\"font-size: small;\">Tarif\u00a0habituel pour le spectacle uniquement. <\/span><\/span><\/span><span style=\"color: #000000;\"><span style=\"font-family: Lucida Sans Unicode, sans-serif;\"><span style=\"font-size: small;\">Repas en suppl\u00e9ment.<\/span><\/span><\/span><\/p>\n<p align=\"JUSTIFY\"><span style=\"color: #000000;\"><span style=\"font-family: Lucida Handwriting, cursive;\"><span style=\"font-size: medium;\"><u><b>Samedi 19 octobre \u00e0 21 h<br \/>\n<\/b><\/u><\/span><\/span><\/span><span style=\"color: #000000;\"><span style=\"font-family: Lucida Handwriting, cursive;\"><span style=\"font-size: small;\"><b>\u00ab\u00a0Irr\u00e9sistiblement\u00a0\u00bb<br \/>\n<\/b><\/span><\/span><\/span><span style=\"color: #222222;\"><span style=\"font-family: Lucida Sans Unicode, sans-serif;\"><span style=\"font-size: small;\">Sarah Lorient \u00a0est auteur compositeur interpr\u00e8te, \u00a0elle nous chantera les chansons de son premier album. Ses chansons \u00a0sont optimistes , tendres, \u00a0joyeuses , parfois m\u00e9lancoliques mais toujours pleines <\/span><\/span><\/span><span style=\"color: #222222;\"><span style=\"font-family: Lucida Sans Unicode, sans-serif;\"><span style=\"font-size: small;\">d &lsquo; esp\u00e9rance. Elle y parle d&rsquo;amour\u00a0de mille mani\u00e8res, \u00a0et surtout de l&rsquo;amour de la vie avec un grand V.\u00a0 Le piano est indissociable de sa musique. Elle partagera la sc\u00e8ne avec Sylvain Mazzola, harmoniciste de talent, lui aussi chansonnier et improvisateur.<br \/>\n<\/span><\/span><\/span><span style=\"color: #000000;\"> <span style=\"font-family: Lucida Sans Unicode, sans-serif;\"><span style=\"font-size: small;\">Dur\u00e9e\u00a0: 1h 30 Tarif habituel<\/span><\/span><\/span><\/p>\n<p align=\"JUSTIFY\">T\u00e9l\u00e9charger le programme <a href=\"http:\/\/haussecote.fr\/wp-content\/uploads\/2019\/08\/programme-\u00e9t\u00e9-2019-derni\u00e8re-version.jpeg\">ici<\/a><\/p>\n","protected":false},"excerpt":{"rendered":"<p>Samedi 20 avril \u00e0 21 h Lettre d&rsquo;une inconnue d&rsquo;apr\u00e8s la nouvelle de Stefan Zweig C&rsquo;est l&rsquo;histoire d&rsquo;une passion. L&rsquo;inconnue a treize ans lorsqu&rsquo;elle tombe follement amoureuse de son voisin de palier, un \u00e9crivain c\u00e9l\u00e8bre. \u00c0 partir de l\u00e0, toute sa vie sera consacr\u00e9e \u00e0 un seul objectif : \u00eatre aim\u00e9e et reconnue par lui. &hellip; <a href=\"https:\/\/haussecote.fr\/index.php\/programme-2019\/\" class=\"more-link\">Continuer la lecture<span class=\"screen-reader-text\"> de &laquo;&nbsp;Programme \u00e9t\u00e9 2019&nbsp;&raquo;<\/span><\/a><\/p>\n","protected":false},"author":1,"featured_media":0,"parent":0,"menu_order":0,"comment_status":"closed","ping_status":"closed","template":"","meta":[],"_links":{"self":[{"href":"https:\/\/haussecote.fr\/index.php\/wp-json\/wp\/v2\/pages\/231"}],"collection":[{"href":"https:\/\/haussecote.fr\/index.php\/wp-json\/wp\/v2\/pages"}],"about":[{"href":"https:\/\/haussecote.fr\/index.php\/wp-json\/wp\/v2\/types\/page"}],"author":[{"embeddable":true,"href":"https:\/\/haussecote.fr\/index.php\/wp-json\/wp\/v2\/users\/1"}],"replies":[{"embeddable":true,"href":"https:\/\/haussecote.fr\/index.php\/wp-json\/wp\/v2\/comments?post=231"}],"version-history":[{"count":7,"href":"https:\/\/haussecote.fr\/index.php\/wp-json\/wp\/v2\/pages\/231\/revisions"}],"predecessor-version":[{"id":464,"href":"https:\/\/haussecote.fr\/index.php\/wp-json\/wp\/v2\/pages\/231\/revisions\/464"}],"wp:attachment":[{"href":"https:\/\/haussecote.fr\/index.php\/wp-json\/wp\/v2\/media?parent=231"}],"curies":[{"name":"wp","href":"https:\/\/api.w.org\/{rel}","templated":true}]}}