{"id":37,"date":"2018-08-26T19:22:08","date_gmt":"2018-08-26T17:22:08","guid":{"rendered":"http:\/\/haussecote.fr\/?page_id=37"},"modified":"2023-02-08T15:02:43","modified_gmt":"2023-02-08T14:02:43","slug":"contact","status":"publish","type":"page","link":"https:\/\/haussecote.fr\/index.php\/contact\/","title":{"rendered":"Contact"},"content":{"rendered":"<ul>\n<li><strong>Adresse du Moulin<br \/>\n<\/strong>Route de Sainte Colombe<br \/>\n89520 Saints en Puisaye<\/p>\n<p><strong>Adresse postale<br \/>\n<\/strong>Le chemin du moulin<br \/>\nMairie<br \/>\n1, rue de la Mairie<br \/>\n89520 Saints en Puisaye<\/p>\n<p>T\u00e9l\u00e9phone :<br \/>\nNanou : 03 86 45 63 56 &#8211; 06 99 83 96 18<br \/>\nCatherine\u00a0: 03\u00a086\u00a045 12 67 &#8211; 06 66 84 44 06<\/p>\n<p>R\u00e9servations :<br \/>\nVoir dans l&rsquo;annonce de l&rsquo;\u00e9v\u00e8nement aupr\u00e8s de qui faire la r\u00e9servation<\/p>\n<p><strong>Courriel<br \/>\n<\/strong>contact@haussecote.fr<\/p>\n<p><strong>Facebook<br \/>\n<\/strong>Moulindehaussecote<\/li>\n<\/ul>\n","protected":false},"excerpt":{"rendered":"<p>Adresse du Moulin Route de Sainte Colombe 89520 Saints en Puisaye Adresse postale Le chemin du moulin Mairie 1, rue de la Mairie 89520 Saints en Puisaye T\u00e9l\u00e9phone : Nanou : 03 86 45 63 56 &#8211; 06 99 83 96 18 Catherine\u00a0: 03\u00a086\u00a045 12 67 &#8211; 06 66 84 44 06 R\u00e9servations : Voir &hellip; <a href=\"https:\/\/haussecote.fr\/index.php\/contact\/\" class=\"more-link\">Continuer la lecture<span class=\"screen-reader-text\"> de &laquo;&nbsp;Contact&nbsp;&raquo;<\/span><\/a><\/p>\n","protected":false},"author":1,"featured_media":0,"parent":0,"menu_order":0,"comment_status":"closed","ping_status":"closed","template":"","meta":[],"_links":{"self":[{"href":"https:\/\/haussecote.fr\/index.php\/wp-json\/wp\/v2\/pages\/37"}],"collection":[{"href":"https:\/\/haussecote.fr\/index.php\/wp-json\/wp\/v2\/pages"}],"about":[{"href":"https:\/\/haussecote.fr\/index.php\/wp-json\/wp\/v2\/types\/page"}],"author":[{"embeddable":true,"href":"https:\/\/haussecote.fr\/index.php\/wp-json\/wp\/v2\/users\/1"}],"replies":[{"embeddable":true,"href":"https:\/\/haussecote.fr\/index.php\/wp-json\/wp\/v2\/comments?post=37"}],"version-history":[{"count":10,"href":"https:\/\/haussecote.fr\/index.php\/wp-json\/wp\/v2\/pages\/37\/revisions"}],"predecessor-version":[{"id":857,"href":"https:\/\/haussecote.fr\/index.php\/wp-json\/wp\/v2\/pages\/37\/revisions\/857"}],"wp:attachment":[{"href":"https:\/\/haussecote.fr\/index.php\/wp-json\/wp\/v2\/media?parent=37"}],"curies":[{"name":"wp","href":"https:\/\/api.w.org\/{rel}","templated":true}]}}