{"id":399,"date":"2019-08-05T21:00:26","date_gmt":"2019-08-05T19:00:26","guid":{"rendered":"http:\/\/haussecote.fr\/?page_id=399"},"modified":"2022-12-02T10:59:07","modified_gmt":"2022-12-02T09:59:07","slug":"lhistorique-de-notre-association","status":"publish","type":"page","link":"https:\/\/haussecote.fr\/index.php\/lhistorique-de-notre-association\/","title":{"rendered":"L&rsquo;historique de notre association"},"content":{"rendered":"<p><img decoding=\"async\" loading=\"lazy\" class=\" wp-image-779 alignleft\" src=\"http:\/\/haussecote.fr\/wp-content\/uploads\/2022\/11\/dessin-moulin2-300x200.jpg\" alt=\"\" width=\"229\" height=\"152\" srcset=\"https:\/\/haussecote.fr\/wp-content\/uploads\/2022\/11\/dessin-moulin2-300x200.jpg 300w, https:\/\/haussecote.fr\/wp-content\/uploads\/2022\/11\/dessin-moulin2.jpg 531w\" sizes=\"(max-width: 229px) 85vw, 229px\" \/>Les amis d&rsquo;Yves Courteaudon, dans un premier temps, souhaitent s\u2019investir dans l\u2019association, mais l\u2019\u00e9loignement ne leur permet pas de faire vivre le moulin. Ils passent le relais \u00e0 des personnes locales.<\/p>\n<p>La premi\u00e8re manifestation a lieu durant l\u2019\u00e9t\u00e9 1996 \u00e0 la lueur des bougies car il n\u2019y avait pas l\u2019\u00e9lectricit\u00e9. D\u2019ann\u00e9e en ann\u00e9e, le nombre de manifestations s\u2019accro\u00eet et gr\u00e2ce au soutien de la commune, des am\u00e9nagements importants sont r\u00e9alis\u00e9s :<br \/>\n&#8211; installation de l\u2019\u00e9lectricit\u00e9 en 1998\/1999,<br \/>\n&#8211; installation du chauffage en 2000,<br \/>\n&#8211; arriv\u00e9e de l\u2019eau (au coin du terrain) en 2003,<br \/>\n&#8211; installation de toilettes provisoires en 2004,<br \/>\n&#8211; gros travaux : arriv\u00e9e de l\u2019eau dans le moulin, extension avec bar\/cuisine et sanitaires, am\u00e9nagement d\u2019un dortoir dans la mezzanine en 2007. L\u2019accueil d\u2019artistes en r\u00e9sidence devient alors possible.<br \/>\n&#8211; installation d\u2019une sc\u00e8ne en 2015,<br \/>\n&#8211; travaux de mise en accessibilit\u00e9 pour les personnes \u00e0 mobilit\u00e9 r\u00e9duite en 2018.<\/p>\n<p><span style=\"font-size: medium;\">Le moulin poursuit son chemin et organise une douzaine de manifestations tout au long de l\u2019ann\u00e9e sauf en juillet et ao\u00fbt\u00a0: concerts, th\u00e9\u00e2tres, causeries, march\u00e9 de No\u00ebl\u2026 Le moulin de Hausse-c\u00f4te est un lieu tr\u00e8s vivant, avec nombre de <\/span><span style=\"font-size: medium;\">manifestations int\u00e9ressantes et de rencontres enrichissantes\u2026<\/span><\/p>\n<p>Aujourd\u2019hui, l\u2019association <b>l<\/b><b>e <\/b><b>chemin du moulin<\/b> fonctionne bien avec un nombre d\u2019adh\u00e9rents stable, une fr\u00e9quentation en hausse et des contacts r\u00e9guliers d\u2019artistes et d\u2019organisateurs de spectac<img decoding=\"async\" loading=\"lazy\" class=\"wp-image-135 alignright\" src=\"http:\/\/haussecote.fr\/wp-content\/uploads\/2018\/12\/Photo-024-300x200.jpg\" alt=\"\" width=\"283\" height=\"188\" srcset=\"https:\/\/haussecote.fr\/wp-content\/uploads\/2018\/12\/Photo-024-300x200.jpg 300w, https:\/\/haussecote.fr\/wp-content\/uploads\/2018\/12\/Photo-024-768x512.jpg 768w, https:\/\/haussecote.fr\/wp-content\/uploads\/2018\/12\/Photo-024-1024x683.jpg 1024w\" sizes=\"(max-width: 283px) 85vw, 283px\" \/>les\u2026<\/p>\n<p>L&rsquo;association souhaite mettre ce lieu \u00e0 la disposition de toutes personnes d\u00e9sireuses d&rsquo;y poursuivre des activit\u00e9s artistiques et culturelles. Si vous avez des <b>id\u00e9es<\/b>, des <b>projets<\/b>, contactez nous\u00a0!<\/p>\n<p>Ainsi et gr\u00e2ce \u00e0 vous tous, le moulin de Hausse C\u00f4te pourra continuer \u00e0 vivre&#8230;<\/p>\n","protected":false},"excerpt":{"rendered":"<p>Les amis d&rsquo;Yves Courteaudon, dans un premier temps, souhaitent s\u2019investir dans l\u2019association, mais l\u2019\u00e9loignement ne leur permet pas de faire vivre le moulin. Ils passent le relais \u00e0 des personnes locales. La premi\u00e8re manifestation a lieu durant l\u2019\u00e9t\u00e9 1996 \u00e0 la lueur des bougies car il n\u2019y avait pas l\u2019\u00e9lectricit\u00e9. D\u2019ann\u00e9e en ann\u00e9e, le nombre &hellip; <a href=\"https:\/\/haussecote.fr\/index.php\/lhistorique-de-notre-association\/\" class=\"more-link\">Continuer la lecture<span class=\"screen-reader-text\"> de &laquo;&nbsp;L&rsquo;historique de notre association&nbsp;&raquo;<\/span><\/a><\/p>\n","protected":false},"author":1,"featured_media":0,"parent":0,"menu_order":0,"comment_status":"closed","ping_status":"closed","template":"","meta":[],"_links":{"self":[{"href":"https:\/\/haussecote.fr\/index.php\/wp-json\/wp\/v2\/pages\/399"}],"collection":[{"href":"https:\/\/haussecote.fr\/index.php\/wp-json\/wp\/v2\/pages"}],"about":[{"href":"https:\/\/haussecote.fr\/index.php\/wp-json\/wp\/v2\/types\/page"}],"author":[{"embeddable":true,"href":"https:\/\/haussecote.fr\/index.php\/wp-json\/wp\/v2\/users\/1"}],"replies":[{"embeddable":true,"href":"https:\/\/haussecote.fr\/index.php\/wp-json\/wp\/v2\/comments?post=399"}],"version-history":[{"count":3,"href":"https:\/\/haussecote.fr\/index.php\/wp-json\/wp\/v2\/pages\/399\/revisions"}],"predecessor-version":[{"id":795,"href":"https:\/\/haussecote.fr\/index.php\/wp-json\/wp\/v2\/pages\/399\/revisions\/795"}],"wp:attachment":[{"href":"https:\/\/haussecote.fr\/index.php\/wp-json\/wp\/v2\/media?parent=399"}],"curies":[{"name":"wp","href":"https:\/\/api.w.org\/{rel}","templated":true}]}}